{"id":140,"date":"2016-09-12T15:54:47","date_gmt":"2016-09-12T13:54:47","guid":{"rendered":"http:\/\/www.pps-architekten.de\/wordpress\/?page_id=140"},"modified":"2025-11-04T16:41:50","modified_gmt":"2025-11-04T15:41:50","slug":"profil","status":"publish","type":"page","link":"https:\/\/www.pps-architekten.de\/index.php\/profil\/","title":{"rendered":"PROFIL"},"content":{"rendered":"<div id=\"pl-140\"  class=\"panel-layout\" ><div id=\"pg-140-0\"  class=\"panel-grid panel-no-style\" ><div id=\"pgc-140-0-0\"  class=\"panel-grid-cell\" ><div id=\"panel-140-0-0-0\" class=\"so-panel widget widget_sow-headline panel-first-child panel-last-child\" data-index=\"0\" ><div\n\t\t\t\n\t\t\tclass=\"so-widget-sow-headline so-widget-sow-headline-default-396434b69b3b-140\"\n\t\t\t\n\t\t><div class=\"sow-headline-container \">\n\t\t\t\t\t\t\t<h1 class=\"sow-headline\">\n\t\t\t\t\t\tPLANUNGSGRUPPE PROFESSOR SOMMER\t\t\t\t\t\t<\/h1>\n\t\t\t\t\t\t<\/div>\n<\/div><\/div><\/div><\/div><div id=\"pg-140-1\"  class=\"panel-grid panel-no-style\" ><div id=\"pgc-140-1-0\"  class=\"panel-grid-cell panel-grid-cell-mobile-last\" ><div id=\"panel-140-1-0-0\" class=\"so-panel widget widget_sow-image panel-first-child panel-last-child\" data-index=\"1\" ><div\n\t\t\t\n\t\t\tclass=\"so-widget-sow-image so-widget-sow-image-default-8b5b6f678277-140\"\n\t\t\t\n\t\t>\n<div class=\"sow-image-container\">\n\t\t<img \n\tsrc=\"https:\/\/www.pps-architekten.de\/wordpress\/wp-content\/uploads\/PPS_Eingang-1.jpg\" width=\"1920\" height=\"855\" srcset=\"https:\/\/www.pps-architekten.de\/wordpress\/wp-content\/uploads\/PPS_Eingang-1.jpg 1920w, https:\/\/www.pps-architekten.de\/wordpress\/wp-content\/uploads\/PPS_Eingang-1-150x67.jpg 150w, https:\/\/www.pps-architekten.de\/wordpress\/wp-content\/uploads\/PPS_Eingang-1-300x134.jpg 300w, https:\/\/www.pps-architekten.de\/wordpress\/wp-content\/uploads\/PPS_Eingang-1-768x342.jpg 768w, https:\/\/www.pps-architekten.de\/wordpress\/wp-content\/uploads\/PPS_Eingang-1-845x376.jpg 845w\" sizes=\"(max-width: 1920px) 100vw, 1920px\" title=\"PPS B\u00fcro\" alt=\"\" \t\tclass=\"so-widget-image\"\/>\n\t<\/div>\n\n<\/div><\/div><\/div><div id=\"pgc-140-1-1\"  class=\"panel-grid-cell panel-grid-cell-empty\" ><\/div><\/div><div id=\"pg-140-2\"  class=\"panel-grid panel-no-style\" ><div id=\"pgc-140-2-0\"  class=\"panel-grid-cell\" ><div id=\"panel-140-2-0-0\" class=\"so-panel widget widget_sow-editor panel-first-child\" data-index=\"2\" ><div class=\"panel-widget-style panel-widget-style-for-140-2-0-0\" ><div\n\t\t\t\n\t\t\tclass=\"so-widget-sow-editor so-widget-sow-editor-base\"\n\t\t\t\n\t\t>\n<div class=\"siteorigin-widget-tinymce textwidget\">\n\t<p>Die <span style=\"color: #000000;\"><em>Planungsgruppe Professor Sommer<\/em><\/span> ging 2002 aus dem Architekturb\u00fcro Wanta &amp; Sommer hervor. Nach \u00fcber 25 Jahren praktischer T\u00e4tigkeit blickt das B\u00fcro auf eine vielgestaltige Werkschau zur\u00fcck, dessen kreatives Schaffen Verwaltungsgeb\u00e4ude, Gemeindeh\u00e4user, Schulen, Feuerwehren und L\u00f6sungen im Wohnungsbau umfasst. Wir stellen uns in Wettbewerben und konzipieren in Zusammenarbeit mit der Planungsgruppe abv st\u00e4dtebauliche Studien f\u00fcr Gemeinden hinsichtlich ihrer urbanen Entwicklungsm\u00f6glichkeiten.<\/p>\n<\/div>\n<\/div><\/div><\/div><div id=\"panel-140-2-0-1\" class=\"so-panel widget widget_sow-editor\" data-index=\"3\" ><div class=\"panel-widget-style panel-widget-style-for-140-2-0-1\" ><div\n\t\t\t\n\t\t\tclass=\"so-widget-sow-editor so-widget-sow-editor-base\"\n\t\t\t\n\t\t>\n<div class=\"siteorigin-widget-tinymce textwidget\">\n\t<p style=\"padding-left: 30px;\"><strong><em>Vom urbanen Design zur bewussten Materialkomposition.<\/em><\/strong><strong><em><br \/> Das Detail als Baustein einer architektonischen Gesamtl\u00f6sung.<br \/> Die <\/em><\/strong><strong><em>Maximierung der Nutzungsqualit\u00e4ten bei analoger <\/em><\/strong><strong><em>Reduktion der technischen Aufwendungen.<\/em><\/strong><strong><em>\u00a0<\/em><\/strong><\/p>\n<\/div>\n<\/div><\/div><\/div><div id=\"panel-140-2-0-2\" class=\"so-panel widget widget_sow-editor panel-last-child\" data-index=\"4\" ><div class=\"panel-widget-style panel-widget-style-for-140-2-0-2\" ><div\n\t\t\t\n\t\t\tclass=\"so-widget-sow-editor so-widget-sow-editor-base\"\n\t\t\t\n\t\t>\n<div class=\"siteorigin-widget-tinymce textwidget\">\n\t<p>Daf\u00fcr gleicht die <span style=\"color: #000000;\"><em>Planungsgruppe Professor Sommer<\/em><\/span> private und \u00f6ffentliche Interessen mit dem Architekturentwurf ab. Wir nutzen kooperative Verfahren, initiieren bereits im Prozess der Planung den Dialog zwischen Bauherrn und Kommune und bilden gemeinsame st\u00e4dtebaulich-architektonische Ziele. Die <em><span style=\"color: #000000;\">Planungsgruppe Professor Sommer<\/span><\/em> pflegt ihr umweltbewusstes Engement und w\u00e4gt auf Basis ihrer fachlichen Kompetenz Aufwand und Wirkung \u00f6kologischer Ma\u00dfnahmen baupraktisch und nutzungsrelevant ab.<br \/>\nWir sammelten Erfahrungen im Umgang mit historischer Bausubstanz und bewiesen Qualit\u00e4ten bei der Integration von neuen Funktionen in vorhandenen Strukturen.<\/p>\n<\/div>\n<\/div><\/div><\/div><\/div><div id=\"pgc-140-2-1\"  class=\"panel-grid-cell\" ><div id=\"panel-140-2-1-0\" class=\"so-panel widget widget_sow-editor panel-first-child panel-last-child\" data-index=\"5\" ><div class=\"panel-widget-style panel-widget-style-for-140-2-1-0\" ><div\n\t\t\t\n\t\t\tclass=\"so-widget-sow-editor so-widget-sow-editor-base\"\n\t\t\t\n\t\t>\n<div class=\"siteorigin-widget-tinymce textwidget\">\n\t<p>\u00dcber die lange Wirkungszeit des B\u00fcros wurde dabei ein enges Netzwerk aus zuverl\u00e4ssigen Fachplanern, Experten, Gutachtern und Herstellern gekn\u00fcpft. Wir \u00fcbernehmen Verantwortung vom Entwurf bis zur Bau\u00fcberwachung und sichern \u00fcber alle Projektphasen die Kontrolle \u00fcber Gestaltungs-, Kommunikations- und Organisationsaufgaben.<\/p>\n<p>Unser Planungsteam greift auf alle M\u00f6glichkeiten des computergest\u00fctzten Entwurfsprozesses zur\u00fcck. Ab den ersten Entwicklungsschritten werden die Projekte dreidimensional erstellt, Raumbildung und Nutzfl\u00e4chen gepr\u00fcft, Statik- und Haustechnikkonzepte examiniert, Materialkorrespondenzen und Farbwirkungen er\u00f6rtert und auf Kostenrelevanz untersucht. Informationen und Plandaten werden \u00fcber BIM-Strukturen permanent zwischen Architekt, Fachplanern, Beh\u00f6rden und Bauherr ausgetauscht sowie auf Projektservern eine st\u00e4ndig aktualisierte Plandokumentation bereitgestellt.<\/p>\n<p>Alle unsere Aktivit\u00e4ten, unsere Leidenschaft f\u00fcr die Qualit\u00e4t von Architektur gr\u00fcnden sich auf der Agenda, als Baumeister der Gesellschaft die Verantwortung f\u00fcr die gebaute r\u00e4umliche Wertigkeit zu \u00fcbernehmen. Letztendlich aber arbeiten wir als Treuhand der Bauherren und setzen Raumprogramme individuell um. Die <span style=\"color: #000000;\"><em>Planungsgruppe Professor Sommer<\/em><\/span> reagiert auf konkrete Entfaltungsbed\u00fcrfnisse von Menschen, indem sie best\u00e4ndige Lebens- und Arbeitsr\u00e4ume gestaltet.<\/p>\n<p>Im Juni 2018 erweiterte die Planungsgruppe Professor Sommer ihre Standorte in den Raum Sachsen und f\u00fchrt seit dem ein B\u00fcro in Hoyerswerda.<\/p>\n<\/div>\n<\/div><\/div><\/div><\/div><div id=\"pgc-140-2-2\"  class=\"panel-grid-cell panel-grid-cell-mobile-last\" ><div id=\"panel-140-2-2-0\" class=\"so-panel widget widget_sow-editor panel-first-child panel-last-child\" data-index=\"6\" ><div\n\t\t\t\n\t\t\tclass=\"so-widget-sow-editor so-widget-sow-editor-base\"\n\t\t\t\n\t\t>\n<div class=\"siteorigin-widget-tinymce textwidget\">\n\t<h3>Gesch\u00e4ftsf\u00fchrung<\/h3>\n<p>Dipl.-Ing. Uwe Kehr<br \/>\nProf. Dr.-Ing. Ralf-R. Sommer<\/p>\n<h3>Architekten \/ Ingenieure<\/h3>\n<p>Beyza Batili, Cord Bertko, Ronny Brantzko, Elke Donath, Thomas Gehre, Jacqueline Gerlich, Henrik L\u00fcck, Soroush Shiehali<\/p>\n<h3>Mitarbeiter<\/h3>\n<p>Bettina Jurtz, Birgit Leppin<\/p>\n<\/div>\n<\/div><\/div><\/div><div id=\"pgc-140-2-3\"  class=\"panel-grid-cell panel-grid-cell-empty\" ><\/div><\/div><\/div>","protected":false},"excerpt":{"rendered":"<p>PLANUNGSGRUPPE PROFESSOR SOMMER Die Planungsgruppe Professor Sommer ging 2002 aus dem Architekturb\u00fcro Wanta &amp; Sommer hervor. Nach \u00fcber 25 Jahren praktischer T\u00e4tigkeit blickt das B\u00fcro auf eine vielgestaltige Werkschau zur\u00fcck, dessen kreatives Schaffen Verwaltungsgeb\u00e4ude, Gemeindeh\u00e4user, Schulen, Feuerwehren und L\u00f6sungen im Wohnungsbau umfasst. Wir stellen uns in Wettbewerben und konzipieren in Zusammenarbeit mit der Planungsgruppe abvContinue reading &rarr;<\/p>\n","protected":false},"author":1,"featured_media":0,"parent":0,"menu_order":0,"comment_status":"closed","ping_status":"closed","template":"","meta":{"footnotes":""},"class_list":["post-140","page","type-page","status-publish","hentry","no-thumb"],"_links":{"self":[{"href":"https:\/\/www.pps-architekten.de\/index.php\/wp-json\/wp\/v2\/pages\/140","targetHints":{"allow":["GET"]}}],"collection":[{"href":"https:\/\/www.pps-architekten.de\/index.php\/wp-json\/wp\/v2\/pages"}],"about":[{"href":"https:\/\/www.pps-architekten.de\/index.php\/wp-json\/wp\/v2\/types\/page"}],"author":[{"embeddable":true,"href":"https:\/\/www.pps-architekten.de\/index.php\/wp-json\/wp\/v2\/users\/1"}],"replies":[{"embeddable":true,"href":"https:\/\/www.pps-architekten.de\/index.php\/wp-json\/wp\/v2\/comments?post=140"}],"version-history":[{"count":195,"href":"https:\/\/www.pps-architekten.de\/index.php\/wp-json\/wp\/v2\/pages\/140\/revisions"}],"predecessor-version":[{"id":2790,"href":"https:\/\/www.pps-architekten.de\/index.php\/wp-json\/wp\/v2\/pages\/140\/revisions\/2790"}],"wp:attachment":[{"href":"https:\/\/www.pps-architekten.de\/index.php\/wp-json\/wp\/v2\/media?parent=140"}],"curies":[{"name":"wp","href":"https:\/\/api.w.org\/{rel}","templated":true}]}}